{"id":707,"date":"2020-07-13T02:56:19","date_gmt":"2020-07-13T05:56:19","guid":{"rendered":"https:\/\/ondasdaresistencia.intervozes.org.br\/?page_id=707"},"modified":"2020-07-22T16:18:16","modified_gmt":"2020-07-22T19:18:16","slug":"home-2","status":"publish","type":"page","link":"https:\/\/ondasdaresistencia.intervozes.org.br\/","title":{"rendered":"Home OFICIAL"},"content":{"rendered":"<p>[vc_row css_animation=&#8221;&#8221; row_type=&#8221;row&#8221; use_row_as_full_screen_section=&#8221;yes&#8221; type=&#8221;grid&#8221; angled_section=&#8221;no&#8221; text_align=&#8221;center&#8221; background_image_as_pattern=&#8221;without_pattern&#8221; anchor=&#8221;About&#8221; background_image=&#8221;1168&#8243; padding_top=&#8221;200&#8243; z_index=&#8221;&#8221; padding_bottom=&#8221;153&#8243;][vc_column][qode_elements_holder number_of_columns=&#8221;one_column&#8221;][qode_elements_holder_item advanced_animations=&#8221;no&#8221; item_padding=&#8221;35px 0 0 0&#8243; item_padding_768_1024=&#8221;0px 0 60px 25px&#8221;][vc_column_text]<\/p>\n<h1><span style=\"color: #ffffff;\">Ondas da<br \/>\nResist\u00eancia<\/span><\/h1>\n<p>[\/vc_column_text][vc_empty_space height=&#8221;28px&#8221;][vc_column_text]<\/p>\n<h6><span style=\"color: #ffffff;\">Povos e comunidades tradicionais construindo seus discursos<\/span><\/h6>\n<p>[\/vc_column_text][vc_empty_space height=&#8221;40px&#8221;]<a  itemprop=\"url\" href=\"https:\/\/ondasdaresistencia.intervozes.org.br\/sobre\/\" target=\"_self\"  class=\"qbutton  small center default\" style=\"\">Sobre o Projeto<\/a>[\/qode_elements_holder_item][\/qode_elements_holder][\/vc_column][\/vc_row][vc_row css_animation=&#8221;&#8221; row_type=&#8221;row&#8221; use_row_as_full_screen_section=&#8221;yes&#8221; type=&#8221;grid&#8221; angled_section=&#8221;no&#8221; text_align=&#8221;center&#8221; background_image_as_pattern=&#8221;without_pattern&#8221; anchor=&#8221;About&#8221; background_image=&#8221;1172&#8243; padding_top=&#8221;153&#8243; z_index=&#8221;&#8221; padding_bottom=&#8221;153&#8243;][vc_column][qode_elements_holder number_of_columns=&#8221;one_column&#8221;][qode_elements_holder_item advanced_animations=&#8221;no&#8221; item_padding=&#8221;35px 0 0 0&#8243; item_padding_768_1024=&#8221;0px 0 60px 25px&#8221;][vc_column_text]<\/p>\n<h1><span style=\"color: #ffffff;\">Podcast<\/span><\/h1>\n<p>[\/vc_column_text][vc_empty_space height=&#8221;28px&#8221;][vc_column_text]<\/p>\n<h6><span style=\"color: #ffffff;\">Em pauta, os impactos do derramamento de petr\u00f3leo na costa brasileira<\/span><\/h6>\n<h6><span style=\"color: #ffffff;\">e da pandemia da covid-19 nos povos e comunidades tradicionais<br \/>\n<\/span><\/h6>\n<p>[\/vc_column_text][vc_empty_space height=&#8221;40px&#8221;]<a  itemprop=\"url\" href=\"https:\/\/ondasdaresistencia.intervozes.org.br\/podcast-2\/\" target=\"_self\"  class=\"qbutton  small center default\" style=\"\">Ou\u00e7a<\/a>[\/qode_elements_holder_item][\/qode_elements_holder][\/vc_column][\/vc_row][vc_row css_animation=&#8221;&#8221; row_type=&#8221;row&#8221; use_row_as_full_screen_section=&#8221;yes&#8221; type=&#8221;grid&#8221; angled_section=&#8221;no&#8221; text_align=&#8221;center&#8221; background_image_as_pattern=&#8221;without_pattern&#8221; anchor=&#8221;About&#8221; background_image=&#8221;1176&#8243; padding_top=&#8221;153&#8243; z_index=&#8221;&#8221; padding_bottom=&#8221;153&#8243;][vc_column][qode_elements_holder number_of_columns=&#8221;one_column&#8221;][qode_elements_holder_item advanced_animations=&#8221;no&#8221; item_padding=&#8221;35px 0 0 0&#8243; item_padding_768_1024=&#8221;0px 0 60px 25px&#8221;][vc_column_text]<\/p>\n<h1><span style=\"color: #ffffff;\">Artigos<\/span><\/h1>\n<p>[\/vc_column_text][vc_empty_space height=&#8221;28px&#8221;][vc_column_text]<\/p>\n<h6><span style=\"color: #ffffff;\">Reflex\u00f5es sobre direito \u00e0 comunica\u00e7\u00e3o e justi\u00e7a socioambiental<\/span><\/h6>\n<p>[\/vc_column_text][vc_empty_space height=&#8221;40px&#8221;]<a  itemprop=\"url\" href=\"https:\/\/ondasdaresistencia.intervozes.org.br\/artigos\/\" target=\"_self\"  class=\"qbutton  small center default\" style=\"\">Ler Artigos<\/a>[\/qode_elements_holder_item][\/qode_elements_holder][\/vc_column][\/vc_row][vc_row css_animation=&#8221;&#8221; row_type=&#8221;row&#8221; use_row_as_full_screen_section=&#8221;yes&#8221; type=&#8221;grid&#8221; angled_section=&#8221;no&#8221; text_align=&#8221;center&#8221; background_image_as_pattern=&#8221;without_pattern&#8221; anchor=&#8221;About&#8221; background_image=&#8221;782&#8243; padding_top=&#8221;153&#8243; z_index=&#8221;&#8221; padding_bottom=&#8221;153&#8243;][vc_column][qode_elements_holder number_of_columns=&#8221;one_column&#8221;][qode_elements_holder_item advanced_animations=&#8221;no&#8221; item_padding=&#8221;35px 0 0 0&#8243; item_padding_768_1024=&#8221;0px 0 60px 25px&#8221;][vc_column_text]<\/p>\n<h1><span style=\"color: #ffffff;\">Vozes Silenciadas<\/span><\/h1>\n<p>[\/vc_column_text][vc_empty_space height=&#8221;28px&#8221;][vc_column_text]<\/p>\n<h6><span style=\"color: #ffffff;\">Conhe\u00e7a a pesquisa que analisou a cobertura da m\u00eddia sobre<\/span><\/h6>\n<h6><span style=\"color: #ffffff;\">o derramamento de petr\u00f3leo na costa brasileira<\/span><\/h6>\n<p>[\/vc_column_text][vc_empty_space height=&#8221;40px&#8221;]<a  itemprop=\"url\" href=\"https:\/\/ondasdaresistencia.intervozes.org.br\/apresentacao\/\" target=\"_self\"  class=\"qbutton  small center default\" style=\"\">Ler a Pesquisa<\/a>[\/qode_elements_holder_item][\/qode_elements_holder][\/vc_column][\/vc_row][vc_row css_animation=&#8221;&#8221; row_type=&#8221;row&#8221; use_row_as_full_screen_section=&#8221;no&#8221; type=&#8221;grid&#8221; angled_section=&#8221;no&#8221; text_align=&#8221;center&#8221; background_image_as_pattern=&#8221;without_pattern&#8221; css=&#8221;.vc_custom_1595444582555{margin-top: 50px !important;padding-right: 100px !important;padding-bottom: 20px !important;padding-left: 100px !important;background-color: #ffffff !important;}&#8221; z_index=&#8221;&#8221;][vc_column width=&#8221;1\/4&#8243;][\/vc_column][vc_column width=&#8221;1\/4&#8243;][vc_column_text]<\/p>\n<h5>Realiza\u00e7\u00e3o<\/h5>\n<p>[\/vc_column_text][vc_empty_space height=&#8221;50px&#8221;][vc_single_image image=&#8221;1015&#8243; img_size=&#8221;full&#8221; onclick=&#8221;custom_link&#8221; qode_css_animation=&#8221;&#8221; link=&#8221;http:\/\/intervozes.org.br&#8221;][\/vc_column][vc_column width=&#8221;1\/4&#8243;][vc_column_text]<\/p>\n<h5>Apoio<\/h5>\n<p>[\/vc_column_text][vc_empty_space height=&#8221;50px&#8221;][vc_single_image image=&#8221;1014&#8243; img_size=&#8221;full&#8221; onclick=&#8221;custom_link&#8221; qode_css_animation=&#8221;&#8221; link=&#8221;https:\/\/br.boell.org\/pt-br&#8221;][\/vc_column][vc_column width=&#8221;1\/4&#8243;][\/vc_column][\/vc_row][vc_row css_animation=&#8221;&#8221; row_type=&#8221;row&#8221; use_row_as_full_screen_section=&#8221;no&#8221; type=&#8221;grid&#8221; angled_section=&#8221;no&#8221; text_align=&#8221;center&#8221; background_image_as_pattern=&#8221;without_pattern&#8221; css=&#8221;.vc_custom_1595445491925{margin-top: 100px !important;padding-right: 100px !important;padding-bottom: 20px !important;padding-left: 100px !important;background-color: #ffffff !important;}&#8221; z_index=&#8221;&#8221;][vc_column][vc_column_text]<\/p>\n<h5>Parceria<\/h5>\n<p>[\/vc_column_text][\/vc_column][\/vc_row][vc_row css_animation=&#8221;&#8221; row_type=&#8221;row&#8221; use_row_as_full_screen_section=&#8221;no&#8221; type=&#8221;grid&#8221; angled_section=&#8221;no&#8221; text_align=&#8221;center&#8221; background_image_as_pattern=&#8221;without_pattern&#8221; css=&#8221;.vc_custom_1595445299392{margin-top: 0px !important;padding-right: 100px !important;padding-bottom: 50px !important;padding-left: 100px !important;background-color: #ffffff !important;}&#8221; z_index=&#8221;&#8221;][vc_column width=&#8221;1\/6&#8243;][\/vc_column][vc_column width=&#8221;2\/6&#8243;]<div class=\"qode-advanced-image-gallery  qode-aig-masonry-type qode-normal-space  qode-image-behavior-grayscale qode-aig-images-fixed\">\n\t<div class=\"qode-aig-inner qode-outer-space qode-aig-masonry qode-aig-three-columns\">\n\t\t<div class=\"qode-aig-grid-sizer\"><\/div>\n\t\t<div class=\"qode-aig-grid-gutter\"><\/div>\n\t\t\t\t\t\t\t\t<div class=\"qode-aig-image qode-item-space qode-aig-default-masonry-item\">\n\t\t\t\t<div class=\"qode-aig-image-inner\">\n\t\t\t\t\t\t\t\t\t\t\t<img decoding=\"async\" src=\"https:\/\/ondasdaresistencia.intervozes.org.br\/wp-content\/uploads\/2020\/07\/Prancheta-9-100-1-80x80.jpg\" alt=\"\" width=\"80\" height=\"80\" \/>\t\t\t\t\t\t<span class=\"aig-gallery-hover\">\n\t\t\t\t\t\t\t\t\t\t\t\t\t<\/span>\n\t\t\t\t\t\t\t\t\t<\/div>\n\t\t\t<\/div>\n\t\t\t\t\t\t\t\t<div class=\"qode-aig-image qode-item-space qode-aig-default-masonry-item\">\n\t\t\t\t<div class=\"qode-aig-image-inner\">\n\t\t\t\t\t\t\t\t\t\t\t<img decoding=\"async\" src=\"https:\/\/ondasdaresistencia.intervozes.org.br\/wp-content\/uploads\/2020\/07\/Prancheta-10-100-80x80.jpg\" alt=\"\" width=\"80\" height=\"80\" \/>\t\t\t\t\t\t<span class=\"aig-gallery-hover\">\n\t\t\t\t\t\t\t\t\t\t\t\t\t<\/span>\n\t\t\t\t\t\t\t\t\t<\/div>\n\t\t\t<\/div>\n\t\t\t\t\t\t\t\t<div class=\"qode-aig-image qode-item-space qode-aig-default-masonry-item\">\n\t\t\t\t<div class=\"qode-aig-image-inner\">\n\t\t\t\t\t\t\t\t\t\t\t<img decoding=\"async\" src=\"https:\/\/ondasdaresistencia.intervozes.org.br\/wp-content\/uploads\/2020\/07\/Prancheta-7-100-80x80.jpg\" alt=\"\" width=\"80\" height=\"80\" \/>\t\t\t\t\t\t<span class=\"aig-gallery-hover\">\n\t\t\t\t\t\t\t\t\t\t\t\t\t<\/span>\n\t\t\t\t\t\t\t\t\t<\/div>\n\t\t\t<\/div>\n\t\t\t\t\t\t\t\t<div class=\"qode-aig-image qode-item-space qode-aig-default-masonry-item\">\n\t\t\t\t<div class=\"qode-aig-image-inner\">\n\t\t\t\t\t\t\t\t\t\t\t<img loading=\"lazy\" decoding=\"async\" src=\"https:\/\/ondasdaresistencia.intervozes.org.br\/wp-content\/uploads\/2020\/07\/Prancheta-8-100-80x80.jpg\" alt=\"\" width=\"80\" height=\"80\" \/>\t\t\t\t\t\t<span class=\"aig-gallery-hover\">\n\t\t\t\t\t\t\t\t\t\t\t\t\t<\/span>\n\t\t\t\t\t\t\t\t\t<\/div>\n\t\t\t<\/div>\n\t\t\t\t\t\t\t\t<div class=\"qode-aig-image qode-item-space qode-aig-default-masonry-item\">\n\t\t\t\t<div class=\"qode-aig-image-inner\">\n\t\t\t\t\t\t\t\t\t\t\t<img loading=\"lazy\" decoding=\"async\" src=\"https:\/\/ondasdaresistencia.intervozes.org.br\/wp-content\/uploads\/2020\/07\/Prancheta-4-100-80x80.jpg\" alt=\"\" width=\"80\" height=\"80\" \/>\t\t\t\t\t\t<span class=\"aig-gallery-hover\">\n\t\t\t\t\t\t\t\t\t\t\t\t\t<\/span>\n\t\t\t\t\t\t\t\t\t<\/div>\n\t\t\t<\/div>\n\t\t\t\t\t\t\t\t<div class=\"qode-aig-image qode-item-space qode-aig-default-masonry-item\">\n\t\t\t\t<div class=\"qode-aig-image-inner\">\n\t\t\t\t\t\t\t\t\t\t\t<img loading=\"lazy\" decoding=\"async\" src=\"https:\/\/ondasdaresistencia.intervozes.org.br\/wp-content\/uploads\/2020\/07\/028-80x80.jpg\" alt=\"\" width=\"80\" height=\"80\" \/>\t\t\t\t\t\t<span class=\"aig-gallery-hover\">\n\t\t\t\t\t\t\t\t\t\t\t\t\t<\/span>\n\t\t\t\t\t\t\t\t\t<\/div>\n\t\t\t<\/div>\n\t\t\t<\/div>\n<\/div>[\/vc_column][vc_column width=&#8221;2\/6&#8243;]<div class=\"qode-advanced-image-gallery  qode-aig-masonry-type qode-normal-space  qode-image-behavior-grayscale qode-aig-images-fixed\">\n\t<div class=\"qode-aig-inner qode-outer-space qode-aig-masonry qode-aig-three-columns\">\n\t\t<div class=\"qode-aig-grid-sizer\"><\/div>\n\t\t<div class=\"qode-aig-grid-gutter\"><\/div>\n\t\t\t\t\t\t\t\t<div class=\"qode-aig-image qode-item-space qode-aig-default-masonry-item\">\n\t\t\t\t<div class=\"qode-aig-image-inner\">\n\t\t\t\t\t\t\t\t\t\t\t<img loading=\"lazy\" decoding=\"async\" src=\"https:\/\/ondasdaresistencia.intervozes.org.br\/wp-content\/uploads\/2020\/07\/Prancheta-6-100-80x80.jpg\" alt=\"\" width=\"80\" height=\"80\" \/>\t\t\t\t\t\t<span class=\"aig-gallery-hover\">\n\t\t\t\t\t\t\t\t\t\t\t\t\t<\/span>\n\t\t\t\t\t\t\t\t\t<\/div>\n\t\t\t<\/div>\n\t\t\t\t\t\t\t\t<div class=\"qode-aig-image qode-item-space qode-aig-default-masonry-item\">\n\t\t\t\t<div class=\"qode-aig-image-inner\">\n\t\t\t\t\t\t\t\t\t\t\t<img loading=\"lazy\" decoding=\"async\" src=\"https:\/\/ondasdaresistencia.intervozes.org.br\/wp-content\/uploads\/2020\/07\/Prancheta-5-100-80x80.jpg\" alt=\"\" width=\"80\" height=\"80\" \/>\t\t\t\t\t\t<span class=\"aig-gallery-hover\">\n\t\t\t\t\t\t\t\t\t\t\t\t\t<\/span>\n\t\t\t\t\t\t\t\t\t<\/div>\n\t\t\t<\/div>\n\t\t\t\t\t\t\t\t<div class=\"qode-aig-image qode-item-space qode-aig-default-masonry-item\">\n\t\t\t\t<div class=\"qode-aig-image-inner\">\n\t\t\t\t\t\t\t\t\t\t\t<img loading=\"lazy\" decoding=\"async\" src=\"https:\/\/ondasdaresistencia.intervozes.org.br\/wp-content\/uploads\/2020\/07\/Prancheta-3-100-80x80.jpg\" alt=\"\" width=\"80\" height=\"80\" \/>\t\t\t\t\t\t<span class=\"aig-gallery-hover\">\n\t\t\t\t\t\t\t\t\t\t\t\t\t<\/span>\n\t\t\t\t\t\t\t\t\t<\/div>\n\t\t\t<\/div>\n\t\t\t\t\t\t\t\t<div class=\"qode-aig-image qode-item-space qode-aig-default-masonry-item\">\n\t\t\t\t<div class=\"qode-aig-image-inner\">\n\t\t\t\t\t\t\t\t\t\t\t<img loading=\"lazy\" decoding=\"async\" src=\"https:\/\/ondasdaresistencia.intervozes.org.br\/wp-content\/uploads\/2020\/07\/Prancheta-2-100-80x80.jpg\" alt=\"\" width=\"80\" height=\"80\" \/>\t\t\t\t\t\t<span class=\"aig-gallery-hover\">\n\t\t\t\t\t\t\t\t\t\t\t\t\t<\/span>\n\t\t\t\t\t\t\t\t\t<\/div>\n\t\t\t<\/div>\n\t\t\t\t\t\t\t\t<div class=\"qode-aig-image qode-item-space qode-aig-default-masonry-item\">\n\t\t\t\t<div class=\"qode-aig-image-inner\">\n\t\t\t\t\t\t\t\t\t\t\t<img loading=\"lazy\" decoding=\"async\" src=\"https:\/\/ondasdaresistencia.intervozes.org.br\/wp-content\/uploads\/2020\/07\/Prancheta-1-100-80x80.jpg\" alt=\"\" width=\"80\" height=\"80\" \/>\t\t\t\t\t\t<span class=\"aig-gallery-hover\">\n\t\t\t\t\t\t\t\t\t\t\t\t\t<\/span>\n\t\t\t\t\t\t\t\t\t<\/div>\n\t\t\t<\/div>\n\t\t\t\t\t\t\t\t<div class=\"qode-aig-image qode-item-space qode-aig-default-masonry-item\">\n\t\t\t\t<div class=\"qode-aig-image-inner\">\n\t\t\t\t\t\t\t\t\t\t\t<img loading=\"lazy\" decoding=\"async\" src=\"https:\/\/ondasdaresistencia.intervozes.org.br\/wp-content\/uploads\/2020\/07\/017-80x80.jpg\" alt=\"\" width=\"80\" height=\"80\" \/>\t\t\t\t\t\t<span class=\"aig-gallery-hover\">\n\t\t\t\t\t\t\t\t\t\t\t\t\t<\/span>\n\t\t\t\t\t\t\t\t\t<\/div>\n\t\t\t<\/div>\n\t\t\t<\/div>\n<\/div>[\/vc_column][vc_column width=&#8221;1\/6&#8243;][\/vc_column][\/vc_row]<\/p>\n","protected":false},"excerpt":{"rendered":"<p>[vc_row css_animation=&#8221;&#8221; row_type=&#8221;row&#8221; use_row_as_full_screen_section=&#8221;yes&#8221; type=&#8221;grid&#8221; angled_section=&#8221;no&#8221; text_align=&#8221;center&#8221; background_image_as_pattern=&#8221;without_pattern&#8221; anchor=&#8221;About&#8221; background_image=&#8221;1168&#8243; padding_top=&#8221;200&#8243; z_index=&#8221;&#8221; padding_bottom=&#8221;153&#8243;][vc_column][qode_elements_holder number_of_columns=&#8221;one_column&#8221;][qode_elements_holder_item advanced_animations=&#8221;no&#8221;&#8230;<\/p>\n","protected":false},"author":1,"featured_media":0,"parent":0,"menu_order":0,"comment_status":"closed","ping_status":"closed","template":"full_width.php","meta":{"footnotes":""},"_links":{"self":[{"href":"https:\/\/ondasdaresistencia.intervozes.org.br\/index.php?rest_route=\/wp\/v2\/pages\/707"}],"collection":[{"href":"https:\/\/ondasdaresistencia.intervozes.org.br\/index.php?rest_route=\/wp\/v2\/pages"}],"about":[{"href":"https:\/\/ondasdaresistencia.intervozes.org.br\/index.php?rest_route=\/wp\/v2\/types\/page"}],"author":[{"embeddable":true,"href":"https:\/\/ondasdaresistencia.intervozes.org.br\/index.php?rest_route=\/wp\/v2\/users\/1"}],"replies":[{"embeddable":true,"href":"https:\/\/ondasdaresistencia.intervozes.org.br\/index.php?rest_route=%2Fwp%2Fv2%2Fcomments&post=707"}],"version-history":[{"count":56,"href":"https:\/\/ondasdaresistencia.intervozes.org.br\/index.php?rest_route=\/wp\/v2\/pages\/707\/revisions"}],"predecessor-version":[{"id":1336,"href":"https:\/\/ondasdaresistencia.intervozes.org.br\/index.php?rest_route=\/wp\/v2\/pages\/707\/revisions\/1336"}],"wp:attachment":[{"href":"https:\/\/ondasdaresistencia.intervozes.org.br\/index.php?rest_route=%2Fwp%2Fv2%2Fmedia&parent=707"}],"curies":[{"name":"wp","href":"https:\/\/api.w.org\/{rel}","templated":true}]}}